{"id":8913,"date":"2025-04-05T14:48:58","date_gmt":"2025-04-05T12:48:58","guid":{"rendered":"https:\/\/anajuantorena.es\/?page_id=8913"},"modified":"2025-04-05T14:48:58","modified_gmt":"2025-04-05T12:48:58","slug":"aviso-legal","status":"publish","type":"page","link":"https:\/\/anajuantorena.es\/en\/aviso-legal\/","title":{"rendered":"Aviso legal"},"content":{"rendered":"<h2 class=\"wp-block-heading\">AVISO LEGAL<\/h2>\r\n\r\n\r\n\r\n<p>Este aviso legal fu\u00e9 modificado por \u00faltima vez el 2 de abril de 2025. Las presentes condiciones generales regulan el uso y acceso al sitio web de ANAJUANTORENA.ES, nombre comercial registrado por Ana Juantorena (en adelante \u201cla Empresa\u201d) y la oferta y adquisici\u00f3n de productos y servicios de la Empresa, est\u00e1 disponible para los usuarios en https:\/\/www.anajuantorena.es (\u201cesta web\u201d). La Empresa fue constituida por tiempo indefinido por Ana D\u00edaz Juantorena con NIF <span class=\"o_field_partner_autocomplete o_field_widget\">76030024M<\/span>.<\/p>\r\n<p>El uso del sitio web y la adquisici\u00f3n de cualquier producto o servicio por parte de cualquier usuario comporta la plena aceptaci\u00f3n de de cualquier condici\u00f3n espec\u00edfica publicada en el sitio web o en los contratos que a tal efecto tengan lugar. Se recomienda al usuario leer atentamente las condiciones e instrucciones expuestas en las p\u00e1ginas web cada vez que acceda a las mismas. La Empresa se reserva el derecho a modificar o suprimir en cualquier momento y sin previo aviso los contenidos, servicios e informaciones que se encuentran en esta sitio web, as\u00ed como a limitar, modificar o cancelar los t\u00e9rminos y condiciones generales aplicables al sitio web. Cualquier modificaci\u00f3n tendr\u00e1 vigencia a partir de la fecha de publicaci\u00f3n de la misma y comprometer\u00e1 a cualquier usuario que tiene acceso a la p\u00e1gina despu\u00e9s de su publicaci\u00f3n. Para cualquier informaci\u00f3n sobre la empresa o sus productos y servicios, por favor, cont\u00e1ctenos a trav\u00e9s de los medios facilitados en la secci\u00f3n de <a href=\"https:\/\/anajuantorena.es\/en\/contacto\/\">contacto<\/a><\/p>\r\n<p>&nbsp;<\/p>\r\n\r\n\r\n\r\n<h2 class=\"wp-block-heading\">Objeto<\/h2>\r\n\r\n\r\n\r\n<p>El prestador, responsable del sitio web, pone a disposici\u00f3n de los usuarios el presente documento con el que pretende dar cumplimiento a las obligaciones dispuestas en la Ley 34\/2002, de Servicios de la Sociedad de la Informaci\u00f3n y del Comercio Electr\u00f3nico (LSSI-CE), as\u00ed como informar a todos los usuarios del sitio web respecto a cu\u00e1les son las condiciones de uso del sitio web. Toda persona que acceda a este sitio web asume el papel de usuario, comprometi\u00e9ndose a la observancia y cumplimiento riguroso de las disposiciones aqu\u00ed dispuestas, as\u00ed como a cualquier otra disposici\u00f3n legal que fuera de aplicaci\u00f3n.<\/p>\r\n<p>El prestador se reserva el derecho a modificar cualquier tipo de informaci\u00f3n que pudiera aparecer en el sitio web, sin que exista obligaci\u00f3n de preavisar o poner en conocimiento de los usuarios dichas obligaciones, entendi\u00e9ndose como suficiente con la publicaci\u00f3n en el sitio web del prestador.<\/p>\r\n<p>&nbsp;<\/p>\r\n<h2 class=\"wp-block-heading\">Uso general del sitio web<\/h2>\r\n<p>\r\n\r\n<\/p>\r\n<h3>Condiciones de utilizaci\u00f3n para el usuario.<\/h3>\r\n<p>Los usuarios pueden tener acceso y ver el contenido de este sitio web gratuitamente, conforme a estos t\u00e9rminos y a cualquier t\u00e9rmino espec\u00edfico descrito en cada contenido, producto o servicio. Para recibir ciertos servicios, el acceso a ciertas \u00e1reas del sitio web puede requerir completar un formulario espec\u00edfico de datos \u2013 los campos marcados con un asterisco indican que es obligatorio cumplimentar los datos. Si esos datos no se proporcionan, la empresa se reserva el derecho de no proporcionar el servicio.<\/p>\r\n<p>El usuario garantiza que cualquier dato que proporcione es completo y exacto, y ser\u00e1 responsable de cualesquiera datos falsos o inexactos. Los datos personales ser\u00e1n procesados de acuerdo con nuestra pol\u00edtica de privacidad. El usuario se compromete a hacer un uso adecuado, correcto y l\u00edcito de los contenidos y servicios del sitio web. Quedan estrictamente prohibidas las actividades ilegales, il\u00edcitas o contrarias a la buena fe y al orden p\u00fablico; y en general, toda conducta que atente, induzca o pueda atentar contra el respeto a la dignidad humana y al principio de no discriminaci\u00f3n por motivos de raza, sexo, religi\u00f3n, opini\u00f3n, nacionalidad o cualquier otra circunstancia personal o social; contra la protecci\u00f3n de la salud p\u00fablica y de los consumidores y usuarios; o la protecci\u00f3n de la juventud y de la infancia. Asimismo queda prohibida toda actividad dirigida a suplantar a cualquier persona o entidad, o a interferir, violar, alterar o desconectar el sistema, servidores, redes o contenidos, as\u00ed como, incumplir cualquier requisito de conexi\u00f3n.<\/p>\r\n<p>La Empresa se reserva el derecho a excluir al usuario del servicio sin previo aviso, y a adoptar cuantas medidas considere oportunas en cada momento, a fin de evitar las conductas y actividades indicadas. Derechos de Propiedad Intelectual Con independencia de las obras en dominio p\u00fablico o las licencias libres o abiertas para aquellos contenidos que, en su caso, les sean aplicables, se advierte expresamente que todos los elementos del sitio web est\u00e1n sujetos a derechos de propiedad intelectual o industrial. El contenido, c\u00f3digos fuente, forma, dise\u00f1o y denominaci\u00f3n de los productos, aplicativos, herramientas, p\u00e1ginas, marcas, nombres comerciales, logotipos, im\u00e1genes, sonidos y gr\u00e1ficos, incluido el copyright, son propiedad o han sido cedidos u objeto de licencia a favor de la Empresa, por lo que la autor\u00eda y el derecho de explotaci\u00f3n en todos sus t\u00e9rminos y modalidades se hallan protegidos por las leyes mercantiles y penales vigentes, cuya infracci\u00f3n, al margen de las responsabilidades pecuniarias correspondientes, constituye una actividad il\u00edcita o delictiva.<\/p>\r\n<h3>Propiedad intelectual e industrial<\/h3>\r\n<p>Las im\u00e1genes, los dise\u00f1os gr\u00e1ficos, videos, animaciones, los textos, base de datos, as\u00ed como la informaci\u00f3n y los contenidos que se recogen en esta web son propiedad del titular o sus proveedores y no se permite la reproducci\u00f3n y\/o publicaci\u00f3n, total o parcial, del sitio web, ni su tratamiento inform\u00e1tico, su distribuci\u00f3n, su comunicaci\u00f3n p\u00fablica, ni su modificaci\u00f3n o transformaci\u00f3n, sin el permiso previo y por escrito del titular de esta web.<\/p>\r\n<p>El usuario, \u00fanica y exclusivamente, puede utilizar el material que aparezca en este sitio web para su uso personal y privado, quedando prohibido su uso con fines comerciales o para incurrir en actividades contrarias a la ley. A menos que se indique lo contrario, el usuario deber\u00e1 abstenerse de efectuar la reproducci\u00f3n, adaptaci\u00f3n, combinaci\u00f3n o integraci\u00f3n en otras aplicaciones, arreglos o cualquier otra manipulaci\u00f3n o transformaci\u00f3n, as\u00ed como cualquier forma de comunicaci\u00f3n p\u00fablica o distribuci\u00f3n, en relaci\u00f3n con todos los contenidos accesibles a trav\u00e9s del web, salvo lo dispuesto en la correspondiente licencia libre o abierta o autorizaci\u00f3n expresa de la Empresa.<\/p>\r\n<p>Aquellos sitios web que establezcan hiperenlaces (\u201chyperlinks\u201d) con las p\u00e1ginas del presente sitio web de la Empresa deber\u00e1n abstenerse de reproducir dichas p\u00e1ginas.<\/p>\r\n<p>Quedan expresamente prohibidos los enlaces marco, los enlaces profundos y los enlaces de imagen o cualesquiera otros que puedan atentar contra los derechos propietarios de la Empresa, tales como ser\u00edan la competencia desleal, la publicidad il\u00edcita, los derechos de propiedad intelectual e industrial, los derechos de imagen, el honor, y la reputaci\u00f3n comercial o similares. Igualmente, deber\u00e1n abstenerse de utilizar signos distintivos, nombres comerciales, r\u00f3tulos, informaciones o cualquier otro contenido propio del sitio web, salvo la indicaci\u00f3n que forme parte del propio enlace (\u201clink\u201d) y siempre que ello est\u00e9 amparado legal y\/o contractualmente, especialmente, en los casos de confusi\u00f3n o asociaci\u00f3n. Lo anterior se hace extensivo a su uso como metaetiquetas, palabras clave o similares, incluido su uso espec\u00edfico en buscadores.<\/p>\r\n<p>En ning\u00fan caso se podr\u00e1 dar a entender ni declararse que la Empresa ha autorizado, interviene, asume, participa o ha supervisado en forma alguna los contenidos de la p\u00e1gina en la que figure el hiperenlace, metaetiqueta, palabra clave o similares, ni tan siquiera que consiente la propia inclusi\u00f3n de \u00e9stos, salvo autorizaci\u00f3n expresa. Informaci\u00f3n de marcas ANAJUANTORENA.ES, y\/o otros signos distintivos de marca mencionados en estas p\u00e1ginas son marcas o marcas registradas de la Empresa. Los nombres de otras sociedades y productos mencionados en esta web pueden ser marcas de sus correspondientes titulares.<\/p>\r\n<p>La empresa reconoce a favor de sus titulares los correspondientes derechos de propiedad industrial e intelectual, no implicando su sola menci\u00f3n o aparici\u00f3n en el sitio web la existencia de derechos o responsabilidad alguna del prestador sobre los mismos, como tampoco respaldo, patrocinio o recomendaci\u00f3n por parte del mismo.<\/p>\r\n<p>Para realizar cualquier tipo de observaci\u00f3n respecto a posibles incumplimientos de los derechos de propiedad intelectual o industrial, as\u00ed como sobre cualquiera de los contenidos del sitio web, puede hacerlo a trav\u00e9s de los medios disponibles en la secci\u00f3n de <a href=\"https:\/\/anajuantorena.es\/en\/contacto\/\">contacto<\/a>.<\/p>\r\n\r\n\r\n\r\n<h3 class=\"wp-block-heading\">Ley aplicable y jurisdicci\u00f3n<\/h3>\r\n\r\n\r\n\r\n<p>Para la resoluci\u00f3n de todas las controversias o cuestiones relacionadas con el presente sitio web o de las actividades en \u00e9l desarrolladas, ser\u00e1 de aplicaci\u00f3n la legislaci\u00f3n espa\u00f1ola, a la que se someten expresamente las partes, siendo competentes para la resoluci\u00f3n de todos los conflictos derivados o relacionados con su uso los Juzgados y Tribunales de Vizcaya.<\/p>\r\n\r\n\r\n\r\n<p>&nbsp;<\/p>","protected":false},"excerpt":{"rendered":"<p>AVISO LEGAL Este aviso legal fu\u00e9 modificado por \u00faltima vez<\/p>","protected":false},"author":1,"featured_media":0,"parent":0,"menu_order":0,"comment_status":"closed","ping_status":"closed","template":"","meta":{"footnotes":""},"class_list":["post-8913","page","type-page","status-publish","hentry"],"yoast_head":"<!-- This site is optimized with the Yoast SEO plugin v26.2 - https:\/\/yoast.com\/wordpress\/plugins\/seo\/ -->\n<title>Aviso legal - Fotograf\u00eda Infantil y New Born Ana Juantorena - Ana Juantorena Fotograf\u00eda<\/title>\n<meta name=\"robots\" content=\"index, follow, max-snippet:-1, max-image-preview:large, max-video-preview:-1\" \/>\n<link rel=\"canonical\" href=\"https:\/\/anajuantorena.es\/en\/aviso-legal\/\" \/>\n<meta property=\"og:locale\" content=\"en_GB\" \/>\n<meta property=\"og:type\" content=\"article\" \/>\n<meta property=\"og:title\" content=\"Aviso legal - Fotograf\u00eda Infantil y New Born Ana Juantorena - Ana Juantorena Fotograf\u00eda\" \/>\n<meta property=\"og:description\" content=\"AVISO LEGAL Este aviso legal fu\u00e9 modificado por \u00faltima vez\" \/>\n<meta property=\"og:url\" content=\"https:\/\/anajuantorena.es\/en\/aviso-legal\/\" \/>\n<meta property=\"og:site_name\" content=\"Fotograf\u00eda Infantil y New Born Ana Juantorena - Ana Juantorena Fotograf\u00eda\" \/>\n<meta name=\"twitter:card\" content=\"summary_large_image\" \/>\n<meta name=\"twitter:label1\" content=\"Estimated reading time\" \/>\n\t<meta name=\"twitter:data1\" content=\"3 minutes\" \/>\n<script type=\"application\/ld+json\" class=\"yoast-schema-graph\">{\"@context\":\"https:\/\/schema.org\",\"@graph\":[{\"@type\":\"WebPage\",\"@id\":\"https:\/\/anajuantorena.es\/aviso-legal\/\",\"url\":\"https:\/\/anajuantorena.es\/aviso-legal\/\",\"name\":\"Aviso legal - Fotograf\u00eda Infantil y New Born Ana Juantorena - Ana Juantorena Fotograf\u00eda\",\"isPartOf\":{\"@id\":\"https:\/\/anajuantorena.es\/#website\"},\"datePublished\":\"2025-04-05T12:48:58+00:00\",\"breadcrumb\":{\"@id\":\"https:\/\/anajuantorena.es\/aviso-legal\/#breadcrumb\"},\"inLanguage\":\"en-GB\",\"potentialAction\":[{\"@type\":\"ReadAction\",\"target\":[\"https:\/\/anajuantorena.es\/aviso-legal\/\"]}]},{\"@type\":\"BreadcrumbList\",\"@id\":\"https:\/\/anajuantorena.es\/aviso-legal\/#breadcrumb\",\"itemListElement\":[{\"@type\":\"ListItem\",\"position\":1,\"name\":\"Portada\",\"item\":\"https:\/\/anajuantorena.es\/\"},{\"@type\":\"ListItem\",\"position\":2,\"name\":\"Aviso legal\"}]},{\"@type\":\"WebSite\",\"@id\":\"https:\/\/anajuantorena.es\/#website\",\"url\":\"https:\/\/anajuantorena.es\/\",\"name\":\"Fotograf\u00eda Infantil y New Born Ana Juantorena - Ana Juantorena Fotograf\u00eda\",\"description\":\"Fotografia new born en Bilbao. Sesiones infantiles. Sesiones de beb\u00e9s. sesiones de embarazo. Sesiones personales. Fotografia para empresas y producto\",\"potentialAction\":[{\"@type\":\"SearchAction\",\"target\":{\"@type\":\"EntryPoint\",\"urlTemplate\":\"https:\/\/anajuantorena.es\/?s={search_term_string}\"},\"query-input\":{\"@type\":\"PropertyValueSpecification\",\"valueRequired\":true,\"valueName\":\"search_term_string\"}}],\"inLanguage\":\"en-GB\"}]}<\/script>\n<!-- \/ Yoast SEO plugin. -->","yoast_head_json":{"title":"Aviso legal - Fotograf\u00eda Infantil y New Born Ana Juantorena - Ana Juantorena Fotograf\u00eda","robots":{"index":"index","follow":"follow","max-snippet":"max-snippet:-1","max-image-preview":"max-image-preview:large","max-video-preview":"max-video-preview:-1"},"canonical":"https:\/\/anajuantorena.es\/en\/aviso-legal\/","og_locale":"en_GB","og_type":"article","og_title":"Aviso legal - Fotograf\u00eda Infantil y New Born Ana Juantorena - Ana Juantorena Fotograf\u00eda","og_description":"AVISO LEGAL Este aviso legal fu\u00e9 modificado por \u00faltima vez","og_url":"https:\/\/anajuantorena.es\/en\/aviso-legal\/","og_site_name":"Fotograf\u00eda Infantil y New Born Ana Juantorena - Ana Juantorena Fotograf\u00eda","twitter_card":"summary_large_image","twitter_misc":{"Estimated reading time":"3 minutes"},"schema":{"@context":"https:\/\/schema.org","@graph":[{"@type":"WebPage","@id":"https:\/\/anajuantorena.es\/aviso-legal\/","url":"https:\/\/anajuantorena.es\/aviso-legal\/","name":"Aviso legal - Fotograf\u00eda Infantil y New Born Ana Juantorena - Ana Juantorena Fotograf\u00eda","isPartOf":{"@id":"https:\/\/anajuantorena.es\/#website"},"datePublished":"2025-04-05T12:48:58+00:00","breadcrumb":{"@id":"https:\/\/anajuantorena.es\/aviso-legal\/#breadcrumb"},"inLanguage":"en-GB","potentialAction":[{"@type":"ReadAction","target":["https:\/\/anajuantorena.es\/aviso-legal\/"]}]},{"@type":"BreadcrumbList","@id":"https:\/\/anajuantorena.es\/aviso-legal\/#breadcrumb","itemListElement":[{"@type":"ListItem","position":1,"name":"Portada","item":"https:\/\/anajuantorena.es\/"},{"@type":"ListItem","position":2,"name":"Aviso legal"}]},{"@type":"WebSite","@id":"https:\/\/anajuantorena.es\/#website","url":"https:\/\/anajuantorena.es\/","name":"Fotograf\u00eda Infantil y New Born Ana Juantorena - Ana Juantorena Fotograf\u00eda","description":"Fotografia new born en Bilbao. Sesiones infantiles. Sesiones de beb\u00e9s. sesiones de embarazo. Sesiones personales. Fotografia para empresas y producto","potentialAction":[{"@type":"SearchAction","target":{"@type":"EntryPoint","urlTemplate":"https:\/\/anajuantorena.es\/?s={search_term_string}"},"query-input":{"@type":"PropertyValueSpecification","valueRequired":true,"valueName":"search_term_string"}}],"inLanguage":"en-GB"}]}},"_links":{"self":[{"href":"https:\/\/anajuantorena.es\/en\/wp-json\/wp\/v2\/pages\/8913","targetHints":{"allow":["GET"]}}],"collection":[{"href":"https:\/\/anajuantorena.es\/en\/wp-json\/wp\/v2\/pages"}],"about":[{"href":"https:\/\/anajuantorena.es\/en\/wp-json\/wp\/v2\/types\/page"}],"author":[{"embeddable":true,"href":"https:\/\/anajuantorena.es\/en\/wp-json\/wp\/v2\/users\/1"}],"replies":[{"embeddable":true,"href":"https:\/\/anajuantorena.es\/en\/wp-json\/wp\/v2\/comments?post=8913"}],"version-history":[{"count":1,"href":"https:\/\/anajuantorena.es\/en\/wp-json\/wp\/v2\/pages\/8913\/revisions"}],"predecessor-version":[{"id":8914,"href":"https:\/\/anajuantorena.es\/en\/wp-json\/wp\/v2\/pages\/8913\/revisions\/8914"}],"wp:attachment":[{"href":"https:\/\/anajuantorena.es\/en\/wp-json\/wp\/v2\/media?parent=8913"}],"curies":[{"name":"wp","href":"https:\/\/api.w.org\/{rel}","templated":true}]}}